{"id":287,"date":"2025-05-20T14:50:34","date_gmt":"2025-05-20T14:50:34","guid":{"rendered":"https:\/\/paraisohoje.pt\/book\/"},"modified":"2025-05-20T14:50:34","modified_gmt":"2025-05-20T14:50:34","slug":"book","status":"publish","type":"page","link":"https:\/\/paraisohoje.pt\/en\/book\/","title":{"rendered":"Book"},"content":{"rendered":"<p>The book ATLAS <em>Para\u00edso, hoje.<\/em> is not merely a catalogue of the exhibition, but one of its central curatorial elements, partially present in Venice as an object to be explored slowly and thoughtfully. As a publication, the Atlas is presented in two volumes: one featuring the Atlas of images, and the other gathering all written content \u2013 the curatorial text outlining the project\u2019s approach; three essays written by essayist Ant\u00f3nio Guerreiro, researcher and architect Maria Manuel Oliveira, and artist Nuno da Luz; interviews with four landscape architects \u2014 Aurora Carapinha, Jo\u00e3o Gomes da Silva, Jo\u00e3o Nunes, and Lu\u00eds Paulo Faria Ribeiro \u2014 whose work has contributed significantly to shaping the landscape through design, research, and pedagogy; as well as a comprehensive credits section for all images.<\/p>\n<p>The book is bilingual (Portuguese + English), published by Circo de Ideias, and designed by viv\u00f3eus\u00e9bio. It explores diverse ways of thinking about paradise today, organized around themes such as: experience, regeneration, leisure, networks, return, cultivation, simulacrum, or fiction \u2014 while remaining open to new interpretations emerging from the Open Call submissions. The written contributions expand on these themes, offering insights into various meanings of paradise and providing tools and directions for reflecting on and working toward the future of territory and landscape.<\/p>\n<p>The book will be launched in Lisbon (date to be announced), and in Venice during the Biennale finissage.<\/p>\n","protected":false},"excerpt":{"rendered":"<p>The book ATLAS Para\u00edso, hoje. is not merely a catalogue of the exhibition, but one of its central curatorial elements, partially present in Venice as an object to be explored slowly and thoughtfully. As a publication, the Atlas is presented in two volumes: one featuring the Atlas of images, and the other gathering all written [&hellip;]<\/p>\n","protected":false},"author":1,"featured_media":0,"parent":0,"menu_order":0,"comment_status":"closed","ping_status":"closed","template":"","meta":{"_acf_changed":false,"footnotes":""},"class_list":["post-287","page","type-page","status-publish","hentry"],"acf":[],"_links":{"self":[{"href":"https:\/\/paraisohoje.pt\/en\/wp-json\/wp\/v2\/pages\/287","targetHints":{"allow":["GET"]}}],"collection":[{"href":"https:\/\/paraisohoje.pt\/en\/wp-json\/wp\/v2\/pages"}],"about":[{"href":"https:\/\/paraisohoje.pt\/en\/wp-json\/wp\/v2\/types\/page"}],"author":[{"embeddable":true,"href":"https:\/\/paraisohoje.pt\/en\/wp-json\/wp\/v2\/users\/1"}],"replies":[{"embeddable":true,"href":"https:\/\/paraisohoje.pt\/en\/wp-json\/wp\/v2\/comments?post=287"}],"version-history":[{"count":0,"href":"https:\/\/paraisohoje.pt\/en\/wp-json\/wp\/v2\/pages\/287\/revisions"}],"wp:attachment":[{"href":"https:\/\/paraisohoje.pt\/en\/wp-json\/wp\/v2\/media?parent=287"}],"curies":[{"name":"wp","href":"https:\/\/api.w.org\/{rel}","templated":true}]}}