{"id":289,"date":"2025-05-20T11:46:51","date_gmt":"2025-05-20T11:46:51","guid":{"rendered":"https:\/\/paraisohoje.pt\/informativa-sulla-privacy\/"},"modified":"2025-10-07T16:38:30","modified_gmt":"2025-10-07T16:38:30","slug":"informativa-sulla-privacy","status":"publish","type":"page","link":"https:\/\/paraisohoje.pt\/it\/informativa-sulla-privacy\/","title":{"rendered":"Informativa sulla Privacy"},"content":{"rendered":"<ol>\n<li>\n<h5>Ambito di Questa Informativa Sulla Privacy<\/h5>\n<p>La presente informativa si applica al sito web Para\u00edso, Hoje (https:\/\/paraisohoje.pt), la cui gestione e i cui contenuti sono di responsabilit\u00e0 del team editoriale del progetto.<br \/>\nIl sito ha carattere informativo e culturale e non raccoglie n\u00e9 conserva dati personali dei visitatori.<br \/>\nNon utilizza cookie, n\u00e9 impiega tecnologie di tracciamento, metriche o pubblicit\u00e0.<\/li>\n<li>\n<h5>Principi Generali<\/h5>\n<p>Il sito Para\u00edso, Hoje rispetta la privacy e la protezione dei dati di tutti i visitatori.<br \/>\nEventuali trattamenti di dati personali derivanti da comunicazioni dirette (ad esempio via e-mail) sono effettuati in conformit\u00e0 al Regolamento Generale sulla Protezione dei Dati (GDPR) e alla legislazione portoghese applicabile.<\/li>\n<li>\n<h5>Contenuti Incorporati da Altri Servizi<\/h5>\n<p>Le pagine di questo sito possono contenere contenuti incorporati da servizi esterni (come YouTube, Vimeo, Google Maps, Instagram e altri).<br \/>\nVisualizzando tali contenuti, il visitatore pu\u00f2 interagire direttamente con le piattaforme esterne, che possono:<\/p>\n<ul>\n<li>Raccogliere dati tecnici (come indirizzo IP o tipo di dispositivo);<\/li>\n<li>Utilizzare cookie o tecnologie simili;<\/li>\n<li>Monitorare le interazioni, anche senza una sessione attiva.<\/li>\n<\/ul>\n<\/li>\n<li>\n<h5>Comunicazione e Contatti<\/h5>\n<p>I contatti relativi al sito Para\u00edso, Hoje possono essere effettuati via e-mail: hello[at]paraisohoje.pt.<br \/>\nI dati eventualmente inclusi nei messaggi vengono trattati esclusivamente per fornire una risposta e cancellati al termine della comunicazione.<br \/>\nNon vi \u00e8 condivisione di informazioni con terze parti, n\u00e9 uso per fini promozionali.<\/li>\n<li>\n<h5>Sicurezza delle Informazioni<\/h5>\n<p>Sebbene il sito non raccolga dati personali, vengono adottate misure tecniche e organizzative adeguate per proteggere l\u2019integrit\u00e0 del sito e delle comunicazioni, prevenendo accessi non autorizzati, usi impropri o modifiche non autorizzate.<\/li>\n<li>\n<h5>Link Esterni<\/h5>\n<p>Il sito Para\u00edso, Hoje pu\u00f2 contenere collegamenti ad altri siti web.<br \/>\nNon \u00e8 responsabile delle pratiche sulla privacy, dei contenuti o delle politiche di tali domini esterni.<br \/>\nSeguendo un link esterno, si raccomanda di leggere la relativa informativa sulla privacy.<\/li>\n<li>\n<h5>Modifiche a Questa Informativa<\/h5>\n<p>La presente informativa potr\u00e0 essere aggiornata ogniqualvolta necessario per riflettere modifiche legali o tecniche.<br \/>\nLa versione pi\u00f9 recente sar\u00e0 sempre disponibile su https:\/\/paraisohoje.pt.<\/li>\n<li>\n<h5>Contatto per Questioni di Privacy<\/h5>\n<p>hello[at]paraisohoje.pt<\/li>\n<\/ol>\n","protected":false},"excerpt":{"rendered":"<p>Ambito di Questa Informativa Sulla Privacy La presente informativa si applica al sito web Para\u00edso, Hoje (https:\/\/paraisohoje.pt), la cui gestione e i cui contenuti sono di responsabilit\u00e0 del team editoriale del progetto. Il sito ha carattere informativo e culturale e non raccoglie n\u00e9 conserva dati personali dei visitatori. Non utilizza cookie, n\u00e9 impiega tecnologie di [&hellip;]<\/p>\n","protected":false},"author":1,"featured_media":0,"parent":0,"menu_order":0,"comment_status":"closed","ping_status":"closed","template":"tpl-alt.php","meta":{"_acf_changed":false,"footnotes":""},"class_list":["post-289","page","type-page","status-publish","hentry"],"acf":[],"_links":{"self":[{"href":"https:\/\/paraisohoje.pt\/it\/wp-json\/wp\/v2\/pages\/289","targetHints":{"allow":["GET"]}}],"collection":[{"href":"https:\/\/paraisohoje.pt\/it\/wp-json\/wp\/v2\/pages"}],"about":[{"href":"https:\/\/paraisohoje.pt\/it\/wp-json\/wp\/v2\/types\/page"}],"author":[{"embeddable":true,"href":"https:\/\/paraisohoje.pt\/it\/wp-json\/wp\/v2\/users\/1"}],"replies":[{"embeddable":true,"href":"https:\/\/paraisohoje.pt\/it\/wp-json\/wp\/v2\/comments?post=289"}],"version-history":[{"count":1,"href":"https:\/\/paraisohoje.pt\/it\/wp-json\/wp\/v2\/pages\/289\/revisions"}],"predecessor-version":[{"id":323,"href":"https:\/\/paraisohoje.pt\/it\/wp-json\/wp\/v2\/pages\/289\/revisions\/323"}],"wp:attachment":[{"href":"https:\/\/paraisohoje.pt\/it\/wp-json\/wp\/v2\/media?parent=289"}],"curies":[{"name":"wp","href":"https:\/\/api.w.org\/{rel}","templated":true}]}}